{"id":4155,"date":"2023-02-28T15:03:43","date_gmt":"2023-02-28T14:03:43","guid":{"rendered":"https:\/\/www.boutiquehostaloriola.com\/booking-conditions\/"},"modified":"2025-03-13T14:41:37","modified_gmt":"2025-03-13T13:41:37","slug":"condiciones-de-reserva","status":"publish","type":"page","link":"https:\/\/www.boutiquehoteloriola.com\/es\/condiciones-de-reserva\/","title":{"rendered":"Condiciones de reserva"},"content":{"rendered":"\t\t<div data-elementor-type=\"wp-page\" data-elementor-id=\"4155\" class=\"elementor elementor-4155 elementor-1875\">\n\t\t\t\t\t\t<section class=\"elementor-section elementor-top-section elementor-element elementor-element-e9a13c2 elementor-section-boxed elementor-section-height-default elementor-section-height-default\" data-id=\"e9a13c2\" data-element_type=\"section\" data-e-type=\"section\" data-settings=\"{&quot;background_background&quot;:&quot;classic&quot;}\">\n\t\t\t\t\t\t<div class=\"elementor-container elementor-column-gap-no\">\n\t\t\t\t\t<div class=\"elementor-column elementor-col-100 elementor-top-column elementor-element elementor-element-b85212a\" data-id=\"b85212a\" data-element_type=\"column\" data-e-type=\"column\">\n\t\t\t<div class=\"elementor-widget-wrap elementor-element-populated\">\n\t\t\t\t\t\t<div class=\"elementor-element elementor-element-7edab45 elementor-widget elementor-widget-heading\" data-id=\"7edab45\" data-element_type=\"widget\" data-e-type=\"widget\" data-widget_type=\"heading.default\">\n\t\t\t\t<div class=\"elementor-widget-container\">\n\t\t\t\t\t<h1 class=\"elementor-heading-title elementor-size-default\">Condiciones de Reserva<\/h1>\t\t\t\t<\/div>\n\t\t\t\t<\/div>\n\t\t\t\t\t<\/div>\n\t\t<\/div>\n\t\t\t\t\t<\/div>\n\t\t<\/section>\n\t\t\t\t<section class=\"elementor-section elementor-top-section elementor-element elementor-element-cd1bf57 elementor-section-boxed elementor-section-height-default elementor-section-height-default\" data-id=\"cd1bf57\" data-element_type=\"section\" data-e-type=\"section\">\n\t\t\t\t\t\t<div class=\"elementor-container elementor-column-gap-no\">\n\t\t\t\t\t<div class=\"elementor-column elementor-col-100 elementor-top-column elementor-element elementor-element-98da83a\" data-id=\"98da83a\" data-element_type=\"column\" data-e-type=\"column\">\n\t\t\t<div class=\"elementor-widget-wrap elementor-element-populated\">\n\t\t\t\t\t\t<div class=\"elementor-element elementor-element-5cb7a4e elementor-widget elementor-widget-text-editor\" data-id=\"5cb7a4e\" data-element_type=\"widget\" data-e-type=\"widget\" data-widget_type=\"text-editor.default\">\n\t\t\t\t<div class=\"elementor-widget-container\">\n\t\t\t\t\t\t\t\t\t<div><div>\u24d8 El check-in es a partir de las 15:00h y el check-out hasta las 12:00h.<\/div><div><p>\u00a0<\/p><p><u>TARIFAS EST\u00c1NDAR<\/u><\/p><p>Pol\u00edtica de reservas y cancelaciones: El establecimiento requerir\u00e1 un dep\u00f3sito del 15% para garantizar la reserva. Si cancela o modifica hasta 3 d\u00edas antes de la fecha de llegada, el hotel reembolsar\u00e1 el cargo. Si cancela fuera de este plazo o no se presenta, no se proporcionar\u00e1 reembolso.<\/p><p>\u00a0<\/p><p><u>TARIFA NO REEMBOLSABLE RATE<\/u><\/p><p>El establecimiento requerir\u00e1 el pago total (100%) de la estancia en el momento de la reserva. Si cancela o no se presenta, no se dar\u00e1 ning\u00fan reembolso.<\/p><\/div><div><p>\u00a0<\/p><p><span style=\"text-decoration: underline;\">TASA TUR\u00cdSTICA<\/span><\/p><p><strong>La tasa tur\u00edstica no est\u00e1 incluida en el precio de la reserva.<\/strong><\/p><p>Desde el 1 de julio de 2016, entr\u00f3 en vigor una tasa tur\u00edstica estacional impuesta por el Gobierno de las Islas Baleares. La tasa es de 3,30 \u20ac por persona y noche para estancias entre el 1 de mayo y el 31 de octubre.<\/p><ul><li>Las estancias para ni\u00f1os menores de 16 a\u00f1os est\u00e1n exentas de esta tasa.<\/li><li>Se aplicar\u00e1 un descuento del 75% para estancias entre el 1 de noviembre y el 30 de abril; el importe ser\u00e1 de 0,83 \u20ac por persona y noche.<\/li><li>Se aplicar\u00e1 un descuento del 50% a partir del noveno d\u00eda consecutivo de estancia en el mismo establecimiento tur\u00edstico.<\/li><\/ul><\/div><\/div><footer><div><div><div><div><div><p>\u00a0<\/p><p><span style=\"text-decoration: underline;\">POL\u00cdTICA DE MASCOTAS<\/span><\/p><p>Lamentablemente, no se admiten mascotas en nuestro hotel. Agradecemos su comprensi\u00f3n y cooperaci\u00f3n.<\/p><p>\u00a0<\/p><p><span style=\"text-decoration: underline;\">ACCESIBILIDAD Y MOVILIDAD<\/span><\/p><p>No disponemos de ascensor. Si tiene problemas de movilidad, por favor inf\u00f3rmenos a trav\u00e9s de WhatsApp o correo electr\u00f3nico, y le asignaremos una habitaci\u00f3n con mejor accesibilidad.<\/p><\/div><\/div><\/div><\/div><\/div><\/footer>\t\t\t\t\t\t\t\t<\/div>\n\t\t\t\t<\/div>\n\t\t\t\t\t<\/div>\n\t\t<\/div>\n\t\t\t\t\t<\/div>\n\t\t<\/section>\n\t\t\t\t<\/div>\n\t\t","protected":false},"excerpt":{"rendered":"<p>Condiciones de Reserva \u24d8 El check-in es a partir de las 15:00h y el check-out hasta las 12:00h. \u00a0 TARIFAS EST\u00c1NDAR Pol\u00edtica de reservas y cancelaciones: El establecimiento requerir\u00e1 un dep\u00f3sito del 15% para garantizar la reserva. Si cancela o modifica hasta 3 d\u00edas antes de la fecha de llegada, el hotel reembolsar\u00e1 el cargo. [&hellip;]<\/p>\n","protected":false},"author":1,"featured_media":0,"parent":0,"menu_order":0,"comment_status":"closed","ping_status":"closed","template":"","meta":{"_uag_custom_page_level_css":"","site-sidebar-layout":"no-sidebar","site-content-layout":"page-builder","ast-site-content-layout":"default","site-content-style":"default","site-sidebar-style":"default","ast-global-header-display":"","ast-banner-title-visibility":"","ast-main-header-display":"","ast-hfb-above-header-display":"","ast-hfb-below-header-display":"","ast-hfb-mobile-header-display":"","site-post-title":"disabled","ast-breadcrumbs-content":"disabled","ast-featured-img":"disabled","footer-sml-layout":"","ast-disable-related-posts":"","theme-transparent-header-meta":"enabled","adv-header-id-meta":"","stick-header-meta":"","header-above-stick-meta":"","header-main-stick-meta":"","header-below-stick-meta":"","astra-migrate-meta-layouts":"default","ast-page-background-enabled":"default","ast-page-background-meta":{"desktop":{"background-color":"","background-image":"","background-repeat":"repeat","background-position":"center center","background-size":"auto","background-attachment":"scroll","background-type":"","background-media":"","overlay-type":"","overlay-color":"","overlay-opacity":"","overlay-gradient":""},"tablet":{"background-color":"","background-image":"","background-repeat":"repeat","background-position":"center center","background-size":"auto","background-attachment":"scroll","background-type":"","background-media":"","overlay-type":"","overlay-color":"","overlay-opacity":"","overlay-gradient":""},"mobile":{"background-color":"","background-image":"","background-repeat":"repeat","background-position":"center center","background-size":"auto","background-attachment":"scroll","background-type":"","background-media":"","overlay-type":"","overlay-color":"","overlay-opacity":"","overlay-gradient":""}},"ast-content-background-meta":{"desktop":{"background-color":"var(--ast-global-color-5)","background-image":"","background-repeat":"repeat","background-position":"center center","background-size":"auto","background-attachment":"scroll","background-type":"","background-media":"","overlay-type":"","overlay-color":"","overlay-opacity":"","overlay-gradient":""},"tablet":{"background-color":"var(--ast-global-color-5)","background-image":"","background-repeat":"repeat","background-position":"center center","background-size":"auto","background-attachment":"scroll","background-type":"","background-media":"","overlay-type":"","overlay-color":"","overlay-opacity":"","overlay-gradient":""},"mobile":{"background-color":"var(--ast-global-color-5)","background-image":"","background-repeat":"repeat","background-position":"center center","background-size":"auto","background-attachment":"scroll","background-type":"","background-media":"","overlay-type":"","overlay-color":"","overlay-opacity":"","overlay-gradient":""}},"footnotes":""},"class_list":["post-4155","page","type-page","status-publish","hentry"],"yoast_head":"<!-- This site is optimized with the Yoast SEO plugin v27.4 - https:\/\/yoast.com\/product\/yoast-seo-wordpress\/ -->\n<title>Condiciones de Reserva \u00b7 Boutique Hotel Oriola<\/title>\n<meta name=\"robots\" content=\"index, follow, max-snippet:-1, max-image-preview:large, max-video-preview:-1\" \/>\n<link rel=\"canonical\" href=\"https:\/\/www.boutiquehoteloriola.com\/es\/condiciones-de-reserva\/\" \/>\n<meta property=\"og:locale\" content=\"es_ES\" \/>\n<meta property=\"og:type\" content=\"article\" \/>\n<meta property=\"og:title\" content=\"Condiciones de Reserva \u00b7 Boutique Hotel Oriola\" \/>\n<meta property=\"og:description\" content=\"Condiciones de Reserva \u24d8 El check-in es a partir de las 15:00h y el check-out hasta las 12:00h. \u00a0 TARIFAS EST\u00c1NDAR Pol\u00edtica de reservas y cancelaciones: El establecimiento requerir\u00e1 un dep\u00f3sito del 15% para garantizar la reserva. Si cancela o modifica hasta 3 d\u00edas antes de la fecha de llegada, el hotel reembolsar\u00e1 el cargo. [&hellip;]\" \/>\n<meta property=\"og:url\" content=\"https:\/\/www.boutiquehoteloriola.com\/es\/condiciones-de-reserva\/\" \/>\n<meta property=\"article:modified_time\" content=\"2025-03-13T13:41:37+00:00\" \/>\n<meta name=\"twitter:card\" content=\"summary_large_image\" \/>\n<meta name=\"twitter:label1\" content=\"Tiempo de lectura\" \/>\n\t<meta name=\"twitter:data1\" content=\"2 minutos\" \/>\n<script type=\"application\/ld+json\" class=\"yoast-schema-graph\">{\"@context\":\"https:\\\/\\\/schema.org\",\"@graph\":[{\"@type\":\"WebPage\",\"@id\":\"https:\\\/\\\/www.boutiquehoteloriola.com\\\/es\\\/condiciones-de-reserva\\\/\",\"url\":\"https:\\\/\\\/www.boutiquehoteloriola.com\\\/es\\\/condiciones-de-reserva\\\/\",\"name\":\"Condiciones de Reserva \u00b7 Boutique Hotel Oriola\",\"isPartOf\":{\"@id\":\"https:\\\/\\\/www.boutiquehoteloriola.com\\\/es\\\/#website\"},\"datePublished\":\"2023-02-28T14:03:43+00:00\",\"dateModified\":\"2025-03-13T13:41:37+00:00\",\"breadcrumb\":{\"@id\":\"https:\\\/\\\/www.boutiquehoteloriola.com\\\/es\\\/condiciones-de-reserva\\\/#breadcrumb\"},\"inLanguage\":\"es\",\"potentialAction\":[{\"@type\":\"ReadAction\",\"target\":[\"https:\\\/\\\/www.boutiquehoteloriola.com\\\/es\\\/condiciones-de-reserva\\\/\"]}]},{\"@type\":\"BreadcrumbList\",\"@id\":\"https:\\\/\\\/www.boutiquehoteloriola.com\\\/es\\\/condiciones-de-reserva\\\/#breadcrumb\",\"itemListElement\":[{\"@type\":\"ListItem\",\"position\":1,\"name\":\"Home\",\"item\":\"https:\\\/\\\/www.boutiquehoteloriola.com\\\/es\\\/\"},{\"@type\":\"ListItem\",\"position\":2,\"name\":\"Condiciones de reserva\"}]},{\"@type\":\"WebSite\",\"@id\":\"https:\\\/\\\/www.boutiquehoteloriola.com\\\/es\\\/#website\",\"url\":\"https:\\\/\\\/www.boutiquehoteloriola.com\\\/es\\\/\",\"name\":\"\",\"description\":\"\",\"potentialAction\":[{\"@type\":\"SearchAction\",\"target\":{\"@type\":\"EntryPoint\",\"urlTemplate\":\"https:\\\/\\\/www.boutiquehoteloriola.com\\\/es\\\/?s={search_term_string}\"},\"query-input\":{\"@type\":\"PropertyValueSpecification\",\"valueRequired\":true,\"valueName\":\"search_term_string\"}}],\"inLanguage\":\"es\"}]}<\/script>\n<!-- \/ Yoast SEO plugin. -->","yoast_head_json":{"title":"Condiciones de Reserva \u00b7 Boutique Hotel Oriola","robots":{"index":"index","follow":"follow","max-snippet":"max-snippet:-1","max-image-preview":"max-image-preview:large","max-video-preview":"max-video-preview:-1"},"canonical":"https:\/\/www.boutiquehoteloriola.com\/es\/condiciones-de-reserva\/","og_locale":"es_ES","og_type":"article","og_title":"Condiciones de Reserva \u00b7 Boutique Hotel Oriola","og_description":"Condiciones de Reserva \u24d8 El check-in es a partir de las 15:00h y el check-out hasta las 12:00h. \u00a0 TARIFAS EST\u00c1NDAR Pol\u00edtica de reservas y cancelaciones: El establecimiento requerir\u00e1 un dep\u00f3sito del 15% para garantizar la reserva. Si cancela o modifica hasta 3 d\u00edas antes de la fecha de llegada, el hotel reembolsar\u00e1 el cargo. [&hellip;]","og_url":"https:\/\/www.boutiquehoteloriola.com\/es\/condiciones-de-reserva\/","article_modified_time":"2025-03-13T13:41:37+00:00","twitter_card":"summary_large_image","twitter_misc":{"Tiempo de lectura":"2 minutos"},"schema":{"@context":"https:\/\/schema.org","@graph":[{"@type":"WebPage","@id":"https:\/\/www.boutiquehoteloriola.com\/es\/condiciones-de-reserva\/","url":"https:\/\/www.boutiquehoteloriola.com\/es\/condiciones-de-reserva\/","name":"Condiciones de Reserva \u00b7 Boutique Hotel Oriola","isPartOf":{"@id":"https:\/\/www.boutiquehoteloriola.com\/es\/#website"},"datePublished":"2023-02-28T14:03:43+00:00","dateModified":"2025-03-13T13:41:37+00:00","breadcrumb":{"@id":"https:\/\/www.boutiquehoteloriola.com\/es\/condiciones-de-reserva\/#breadcrumb"},"inLanguage":"es","potentialAction":[{"@type":"ReadAction","target":["https:\/\/www.boutiquehoteloriola.com\/es\/condiciones-de-reserva\/"]}]},{"@type":"BreadcrumbList","@id":"https:\/\/www.boutiquehoteloriola.com\/es\/condiciones-de-reserva\/#breadcrumb","itemListElement":[{"@type":"ListItem","position":1,"name":"Home","item":"https:\/\/www.boutiquehoteloriola.com\/es\/"},{"@type":"ListItem","position":2,"name":"Condiciones de reserva"}]},{"@type":"WebSite","@id":"https:\/\/www.boutiquehoteloriola.com\/es\/#website","url":"https:\/\/www.boutiquehoteloriola.com\/es\/","name":"","description":"","potentialAction":[{"@type":"SearchAction","target":{"@type":"EntryPoint","urlTemplate":"https:\/\/www.boutiquehoteloriola.com\/es\/?s={search_term_string}"},"query-input":{"@type":"PropertyValueSpecification","valueRequired":true,"valueName":"search_term_string"}}],"inLanguage":"es"}]}},"uagb_featured_image_src":{"full":false,"thumbnail":false,"medium":false,"medium_large":false,"large":false,"1536x1536":false,"2048x2048":false},"uagb_author_info":{"display_name":"admin5547","author_link":"https:\/\/www.boutiquehoteloriola.com\/es\/author\/admin5547\/"},"uagb_comment_info":0,"uagb_excerpt":"Condiciones de Reserva \u24d8 El check-in es a partir de las 15:00h y el check-out hasta las 12:00h. \u00a0 TARIFAS EST\u00c1NDAR Pol\u00edtica de reservas y cancelaciones: El establecimiento requerir\u00e1 un dep\u00f3sito del 15% para garantizar la reserva. Si cancela o modifica hasta 3 d\u00edas antes de la fecha de llegada, el hotel reembolsar\u00e1 el cargo.&hellip;","_links":{"self":[{"href":"https:\/\/www.boutiquehoteloriola.com\/es\/wp-json\/wp\/v2\/pages\/4155","targetHints":{"allow":["GET"]}}],"collection":[{"href":"https:\/\/www.boutiquehoteloriola.com\/es\/wp-json\/wp\/v2\/pages"}],"about":[{"href":"https:\/\/www.boutiquehoteloriola.com\/es\/wp-json\/wp\/v2\/types\/page"}],"author":[{"embeddable":true,"href":"https:\/\/www.boutiquehoteloriola.com\/es\/wp-json\/wp\/v2\/users\/1"}],"replies":[{"embeddable":true,"href":"https:\/\/www.boutiquehoteloriola.com\/es\/wp-json\/wp\/v2\/comments?post=4155"}],"version-history":[{"count":20,"href":"https:\/\/www.boutiquehoteloriola.com\/es\/wp-json\/wp\/v2\/pages\/4155\/revisions"}],"predecessor-version":[{"id":6274,"href":"https:\/\/www.boutiquehoteloriola.com\/es\/wp-json\/wp\/v2\/pages\/4155\/revisions\/6274"}],"wp:attachment":[{"href":"https:\/\/www.boutiquehoteloriola.com\/es\/wp-json\/wp\/v2\/media?parent=4155"}],"curies":[{"name":"wp","href":"https:\/\/api.w.org\/{rel}","templated":true}]}}